{"id":4971,"date":"2023-11-02T12:27:45","date_gmt":"2023-11-02T12:27:45","guid":{"rendered":"https:\/\/fidalgo.qodeinteractive.com\/?page_id=4971"},"modified":"2025-02-08T10:53:58","modified_gmt":"2025-02-08T07:53:58","slug":"mistral-iletisim","status":"publish","type":"page","link":"https:\/\/alacatikafasi.com.tr\/en\/mistral-iletisim\/","title":{"rendered":"Mistral \u0130leti\u015fim"},"content":{"rendered":"<div data-elementor-type=\"wp-page\" data-elementor-id=\"4971\" class=\"elementor elementor-4971\">\n\t\t\t\t<div class=\"elementor-element elementor-element-a5f889b e-flex e-con-boxed e-con e-parent\" data-id=\"a5f889b\" data-element_type=\"container\">\n\t\t\t\t\t<div class=\"e-con-inner\">\n\t\t\t\t<div class=\"elementor-element elementor-element-817be5b elementor-widget elementor-widget-heading\" data-id=\"817be5b\" data-element_type=\"widget\" data-widget_type=\"heading.default\">\n\t\t\t\t<div class=\"elementor-widget-container\">\n\t\t\t\t\t<h2 class=\"elementor-heading-title elementor-size-default\">Contact<\/h2>\t\t\t\t<\/div>\n\t\t\t\t<\/div>\n\t\t\t\t\t<\/div>\n\t\t\t\t<\/div>\n\t\t<div class=\"elementor-element elementor-element-e2945c8 e-con-full e-flex e-con e-parent\" data-id=\"e2945c8\" data-element_type=\"container\" data-settings=\"{&quot;background_background&quot;:&quot;classic&quot;}\">\n\t\t<div class=\"elementor-element elementor-element-ea7c1b7 e-flex e-con-boxed e-con e-child\" data-id=\"ea7c1b7\" data-element_type=\"container\" data-settings=\"{&quot;background_background&quot;:&quot;classic&quot;}\">\n\t\t\t\t\t<div class=\"e-con-inner\">\n\t\t\t\t<div class=\"elementor-element elementor-element-80d2c00 elementor-widget elementor-widget-qi_addons_for_elementor_contact_form_7\" data-id=\"80d2c00\" data-element_type=\"widget\" data-widget_type=\"qi_addons_for_elementor_contact_form_7.default\">\n\t\t\t\t<div class=\"elementor-widget-container\">\n\t\t\t\t\t<div class=\"qodef-shortcode qodef-m qodef-qi-contact-form-7\">\n\t\n<div class=\"wpcf7 no-js\" id=\"wpcf7-f200-o1\" lang=\"en-US\" dir=\"ltr\" data-wpcf7-id=\"200\">\n<div class=\"screen-reader-response\"><p role=\"status\" aria-live=\"polite\" aria-atomic=\"true\"><\/p> <ul><\/ul><\/div>\n<form action=\"\/en\/wp-json\/wp\/v2\/pages\/4971#wpcf7-f200-o1\" method=\"post\" class=\"wpcf7-form init\" aria-label=\"Contact form\" novalidate=\"novalidate\" data-status=\"init\" data-trp-original-action=\"\/en\/wp-json\/wp\/v2\/pages\/4971#wpcf7-f200-o1\">\n<fieldset class=\"hidden-fields-container\"><input type=\"hidden\" name=\"_wpcf7\" value=\"200\" \/><input type=\"hidden\" name=\"_wpcf7_version\" value=\"6.1.4\" \/><input type=\"hidden\" name=\"_wpcf7_locale\" value=\"en_US\" \/><input type=\"hidden\" name=\"_wpcf7_unit_tag\" value=\"wpcf7-f200-o1\" \/><input type=\"hidden\" name=\"_wpcf7_container_post\" value=\"0\" \/><input type=\"hidden\" name=\"_wpcf7_posted_data_hash\" value=\"\" \/><input type=\"hidden\" name=\"_wpcf7_recaptcha_response\" value=\"\" \/>\n<\/fieldset>\n<div class=\"qodef-reservation-form\"> <span class=\"wpcf7-form-control-wrap\" data-name=\"event-name\"><input size=\"40\" maxlength=\"400\" class=\"wpcf7-form-control wpcf7-text wpcf7-validates-as-required\" aria-required=\"true\" aria-invalid=\"false\" placeholder=\"Reservation Name\" value=\"\" type=\"text\" name=\"event-name\" \/><\/span> \n\n<div class=\"qodef-grid qodef-layout--columns qodef-responsive--custom qodef-col-num--3 qodef-col-num--1024--3 qodef-col-num--880--1 qodef-col-num--680--1\">\n\n<div class=\"qodef-grid-inner\"> <div class=\"qodef-grid-item\"> <span class=\"wpcf7-form-control-wrap\" data-name=\"number-of-people\"><input class=\"wpcf7-form-control wpcf7-number wpcf7-validates-as-number\" aria-invalid=\"false\" placeholder=\"Number of People\" value=\"\" type=\"number\" name=\"number-of-people\" \/><\/span> <\/div> <div class=\"qodef-grid-item\"> \n<span class=\"wpcf7-form-control-wrap\" data-name=\"date-event\"><input class=\"wpcf7-form-control wpcf7-date wpcf7-validates-as-date\" min=\"2024-11-29\" max=\"2025-05-31\" aria-invalid=\"false\" placeholder=\"2024-?-?\" value=\"\" type=\"date\" name=\"date-event\" \/><\/span> <\/div> \n\n<div class=\"qodef-grid-item\"> <span class=\"wpcf7-form-control-wrap\" data-name=\"menu-time\"><select class=\"wpcf7-form-control wpcf7-select\" aria-invalid=\"false\" name=\"menu-time\"><option value=\"20:00\">20:00<\/option><option value=\"21:00\">21:00<\/option><option value=\"22:00\">22:00<\/option><\/select><\/span> <\/div> \n\n\n\n<div class=\"qodef-grid-item\"> <span class=\"wpcf7-form-control-wrap\" data-name=\"your-email\"><input size=\"40\" maxlength=\"400\" class=\"wpcf7-form-control wpcf7-email wpcf7-validates-as-required wpcf7-text wpcf7-validates-as-email\" autocomplete=\"email\" aria-required=\"true\" aria-invalid=\"false\" placeholder=\"Your Mail Address\" value=\"\" type=\"email\" name=\"your-email\" \/><\/span> <\/div> \n\n<div class=\"qodef-grid-item\"> <span class=\"wpcf7-form-control-wrap\" data-name=\"your-phone\"><input size=\"40\" maxlength=\"400\" class=\"wpcf7-form-control wpcf7-text wpcf7-validates-as-required\" aria-required=\"true\" aria-invalid=\"false\" placeholder=\"Telephone\" value=\"\" type=\"text\" name=\"your-phone\" \/><\/span> <\/div>\n\n<\/div>\n\n<\/div> <span class=\"wpcf7-form-control-wrap\" data-name=\"your-message\"><textarea cols=\"40\" rows=\"10\" maxlength=\"2000\" class=\"wpcf7-form-control wpcf7-textarea\" aria-invalid=\"false\" placeholder=\"Your Message You Want to Add to the Reservation (Optional)\" name=\"your-message\"><\/textarea><\/span> <div class=\"qodef-button-holder\"> <button class=\"wpcf7-form-control wpcf7-submit qodef-button qodef-size--normal qodef-layout--outlined qodef-m\" type=\"submit\"><span class=\"qodef-m-text\">Send<\/span><\/button> <\/div> <\/div><div class=\"wpcf7-response-output\" aria-hidden=\"true\"><\/div>\n<input type=\"hidden\" name=\"trp-form-language\" value=\"en\"\/><\/form>\n<\/div>\n<\/div>\n\t\t\t\t<\/div>\n\t\t\t\t<\/div>\n\t\t\t\t\t<\/div>\n\t\t\t\t<\/div>\n\t\t\t\t<\/div>\n\t\t<div class=\"elementor-element elementor-element-0832774 e-con-full e-flex e-con e-parent\" data-id=\"0832774\" data-element_type=\"container\">\n\t\t\t\t<div class=\"elementor-element elementor-element-db34169 elementor-widget elementor-widget-html\" data-id=\"db34169\" data-element_type=\"widget\" data-widget_type=\"html.default\">\n\t\t\t\t<div class=\"elementor-widget-container\">\n\t\t\t\t\t<iframe src=\"https:\/\/www.google.com\/maps\/embed?pb=!1m18!1m12!1m3!1d12500.704323989728!2d27.163927867382828!3d38.43740161966867!2m3!1f0!2f0!3f0!3m2!1i1024!2i768!4f13.1!3m3!1m2!1s0x14b9639bc0028a31%3A0xa6d58c7abcd4ae8f!2zQWxhw6dhdMSxIEthZmFzxLEgTWlzdHJhbA!5e0!3m2!1str!2str!4v1733299879813!5m2!1str!2str\" width=\"800\" height=\"400\" style=\"border:0;\" allowfullscreen=\"\" loading=\"lazy\" referrerpolicy=\"no-referrer-when-downgrade\"><\/iframe>\t\t\t\t<\/div>\n\t\t\t\t<\/div>\n\t\t\t\t<\/div>\n\t\t<div class=\"elementor-element elementor-element-0be6fc0 e-con-full e-flex e-con e-parent\" data-id=\"0be6fc0\" data-element_type=\"container\">\n\t\t\t\t<\/div>\n\t\t\t\t<\/div>","protected":false},"excerpt":{"rendered":"<p>ileti\u015fim 19:0020:0021:0022:00 G\u00f6nder<\/p>","protected":false},"author":1,"featured_media":0,"parent":0,"menu_order":0,"comment_status":"closed","ping_status":"closed","template":"page-full-width.php","meta":{"_joinchat":[],"footnotes":""},"class_list":["post-4971","page","type-page","status-publish","hentry"],"yoast_head":"<!-- This site is optimized with the Yoast SEO plugin v25.9 - https:\/\/yoast.com\/wordpress\/plugins\/seo\/ -->\n<title>Mistral \u0130leti\u015fim - Ala\u00e7at\u0131 Kafas\u0131<\/title>\n<meta name=\"description\" content=\"Ala\u00e7at\u0131 Kafas\u0131 olarak, \u0130zmir Mistral&#039;de size unutulmaz bir yeni nesil meyhane deneyimi sunuyoruz. Geleneksel tatlar, modern sunumlar ve samimi bir atmosfer i\u00e7in bize ula\u015fabilirsiniz.\" \/>\n<meta name=\"robots\" content=\"index, follow, max-snippet:-1, max-image-preview:large, max-video-preview:-1\" \/>\n<link rel=\"canonical\" href=\"https:\/\/alacatikafasi.com.tr\/en\/mistral-iletisim\/\" \/>\n<meta property=\"og:locale\" content=\"en_US\" \/>\n<meta property=\"og:type\" content=\"article\" \/>\n<meta property=\"og:title\" content=\"Mistral \u0130leti\u015fim - Ala\u00e7at\u0131 Kafas\u0131\" \/>\n<meta property=\"og:description\" content=\"Ala\u00e7at\u0131 Kafas\u0131 olarak, \u0130zmir Mistral&#039;de size unutulmaz bir yeni nesil meyhane deneyimi sunuyoruz. Geleneksel tatlar, modern sunumlar ve samimi bir atmosfer i\u00e7in bize ula\u015fabilirsiniz.\" \/>\n<meta property=\"og:url\" content=\"https:\/\/alacatikafasi.com.tr\/en\/mistral-iletisim\/\" \/>\n<meta property=\"og:site_name\" content=\"Ala\u00e7at\u0131 Kafas\u0131\" \/>\n<meta property=\"article:modified_time\" content=\"2025-02-08T07:53:58+00:00\" \/>\n<meta property=\"og:image\" content=\"https:\/\/alacatikafasi.com.tr\/wp-content\/uploads\/2024\/11\/430966403_940996710933308_5870288302203907632_n.jpg\" \/>\n<meta name=\"twitter:card\" content=\"summary_large_image\" \/>\n<meta name=\"twitter:label1\" content=\"Est. reading time\" \/>\n\t<meta name=\"twitter:data1\" content=\"3 minutes\" \/>\n<script type=\"application\/ld+json\" class=\"yoast-schema-graph\">{\"@context\":\"https:\/\/schema.org\",\"@graph\":[{\"@type\":\"WebPage\",\"@id\":\"https:\/\/alacatikafasi.com.tr\/mistral-iletisim\/\",\"url\":\"https:\/\/alacatikafasi.com.tr\/mistral-iletisim\/\",\"name\":\"Mistral \u0130leti\u015fim - Ala\u00e7at\u0131 Kafas\u0131\",\"isPartOf\":{\"@id\":\"https:\/\/alacatikafasi.com.tr\/#website\"},\"primaryImageOfPage\":{\"@id\":\"https:\/\/alacatikafasi.com.tr\/mistral-iletisim\/#primaryimage\"},\"image\":{\"@id\":\"https:\/\/alacatikafasi.com.tr\/mistral-iletisim\/#primaryimage\"},\"thumbnailUrl\":\"https:\/\/alacatikafasi.com.tr\/wp-content\/uploads\/2024\/11\/430966403_940996710933308_5870288302203907632_n.jpg\",\"datePublished\":\"2023-11-02T12:27:45+00:00\",\"dateModified\":\"2025-02-08T07:53:58+00:00\",\"description\":\"Ala\u00e7at\u0131 Kafas\u0131 olarak, \u0130zmir Mistral'de size unutulmaz bir yeni nesil meyhane deneyimi sunuyoruz. Geleneksel tatlar, modern sunumlar ve samimi bir atmosfer i\u00e7in bize ula\u015fabilirsiniz.\",\"breadcrumb\":{\"@id\":\"https:\/\/alacatikafasi.com.tr\/mistral-iletisim\/#breadcrumb\"},\"inLanguage\":\"en-US\",\"potentialAction\":[{\"@type\":\"ReadAction\",\"target\":[\"https:\/\/alacatikafasi.com.tr\/mistral-iletisim\/\"]}]},{\"@type\":\"ImageObject\",\"inLanguage\":\"en-US\",\"@id\":\"https:\/\/alacatikafasi.com.tr\/mistral-iletisim\/#primaryimage\",\"url\":\"https:\/\/alacatikafasi.com.tr\/wp-content\/uploads\/2024\/11\/430966403_940996710933308_5870288302203907632_n.jpg\",\"contentUrl\":\"https:\/\/alacatikafasi.com.tr\/wp-content\/uploads\/2024\/11\/430966403_940996710933308_5870288302203907632_n.jpg\"},{\"@type\":\"BreadcrumbList\",\"@id\":\"https:\/\/alacatikafasi.com.tr\/mistral-iletisim\/#breadcrumb\",\"itemListElement\":[{\"@type\":\"ListItem\",\"position\":1,\"name\":\"Anasayfa\",\"item\":\"https:\/\/alacatikafasi.com.tr\/\"},{\"@type\":\"ListItem\",\"position\":2,\"name\":\"Mistral \u0130leti\u015fim\"}]},{\"@type\":\"WebSite\",\"@id\":\"https:\/\/alacatikafasi.com.tr\/#website\",\"url\":\"https:\/\/alacatikafasi.com.tr\/\",\"name\":\"Ala\u00e7at\u0131 Kafas\u0131\",\"description\":\"\",\"publisher\":{\"@id\":\"https:\/\/alacatikafasi.com.tr\/#organization\"},\"potentialAction\":[{\"@type\":\"SearchAction\",\"target\":{\"@type\":\"EntryPoint\",\"urlTemplate\":\"https:\/\/alacatikafasi.com.tr\/?s={search_term_string}\"},\"query-input\":{\"@type\":\"PropertyValueSpecification\",\"valueRequired\":true,\"valueName\":\"search_term_string\"}}],\"inLanguage\":\"en-US\"},{\"@type\":\"Organization\",\"@id\":\"https:\/\/alacatikafasi.com.tr\/#organization\",\"name\":\"Ala\u00e7at\u0131 Kafas\u0131\",\"url\":\"https:\/\/alacatikafasi.com.tr\/\",\"logo\":{\"@type\":\"ImageObject\",\"inLanguage\":\"en-US\",\"@id\":\"https:\/\/alacatikafasi.com.tr\/#\/schema\/logo\/image\/\",\"url\":\"https:\/\/alacatikafasi.com.tr\/wp-content\/uploads\/2024\/12\/fav.jpg\",\"contentUrl\":\"https:\/\/alacatikafasi.com.tr\/wp-content\/uploads\/2024\/12\/fav.jpg\",\"width\":512,\"height\":512,\"caption\":\"Ala\u00e7at\u0131 Kafas\u0131\"},\"image\":{\"@id\":\"https:\/\/alacatikafasi.com.tr\/#\/schema\/logo\/image\/\"},\"sameAs\":[\"http:\/\/instagram.com\/alacatikafasimistral\/\"]}]}<\/script>\n<!-- \/ Yoast SEO plugin. -->","yoast_head_json":{"title":"Mistral \u0130leti\u015fim - Ala\u00e7at\u0131 Kafas\u0131","description":"Ala\u00e7at\u0131 Kafas\u0131 olarak, \u0130zmir Mistral'de size unutulmaz bir yeni nesil meyhane deneyimi sunuyoruz. Geleneksel tatlar, modern sunumlar ve samimi bir atmosfer i\u00e7in bize ula\u015fabilirsiniz.","robots":{"index":"index","follow":"follow","max-snippet":"max-snippet:-1","max-image-preview":"max-image-preview:large","max-video-preview":"max-video-preview:-1"},"canonical":"https:\/\/alacatikafasi.com.tr\/en\/mistral-iletisim\/","og_locale":"en_US","og_type":"article","og_title":"Mistral \u0130leti\u015fim - Ala\u00e7at\u0131 Kafas\u0131","og_description":"Ala\u00e7at\u0131 Kafas\u0131 olarak, \u0130zmir Mistral'de size unutulmaz bir yeni nesil meyhane deneyimi sunuyoruz. Geleneksel tatlar, modern sunumlar ve samimi bir atmosfer i\u00e7in bize ula\u015fabilirsiniz.","og_url":"https:\/\/alacatikafasi.com.tr\/en\/mistral-iletisim\/","og_site_name":"Ala\u00e7at\u0131 Kafas\u0131","article_modified_time":"2025-02-08T07:53:58+00:00","og_image":[{"url":"https:\/\/alacatikafasi.com.tr\/wp-content\/uploads\/2024\/11\/430966403_940996710933308_5870288302203907632_n.jpg","type":"","width":"","height":""}],"twitter_card":"summary_large_image","twitter_misc":{"Est. reading time":"3 minutes"},"schema":{"@context":"https:\/\/schema.org","@graph":[{"@type":"WebPage","@id":"https:\/\/alacatikafasi.com.tr\/mistral-iletisim\/","url":"https:\/\/alacatikafasi.com.tr\/mistral-iletisim\/","name":"Mistral \u0130leti\u015fim - Ala\u00e7at\u0131 Kafas\u0131","isPartOf":{"@id":"https:\/\/alacatikafasi.com.tr\/#website"},"primaryImageOfPage":{"@id":"https:\/\/alacatikafasi.com.tr\/mistral-iletisim\/#primaryimage"},"image":{"@id":"https:\/\/alacatikafasi.com.tr\/mistral-iletisim\/#primaryimage"},"thumbnailUrl":"https:\/\/alacatikafasi.com.tr\/wp-content\/uploads\/2024\/11\/430966403_940996710933308_5870288302203907632_n.jpg","datePublished":"2023-11-02T12:27:45+00:00","dateModified":"2025-02-08T07:53:58+00:00","description":"Ala\u00e7at\u0131 Kafas\u0131 olarak, \u0130zmir Mistral'de size unutulmaz bir yeni nesil meyhane deneyimi sunuyoruz. Geleneksel tatlar, modern sunumlar ve samimi bir atmosfer i\u00e7in bize ula\u015fabilirsiniz.","breadcrumb":{"@id":"https:\/\/alacatikafasi.com.tr\/mistral-iletisim\/#breadcrumb"},"inLanguage":"en-US","potentialAction":[{"@type":"ReadAction","target":["https:\/\/alacatikafasi.com.tr\/mistral-iletisim\/"]}]},{"@type":"ImageObject","inLanguage":"en-US","@id":"https:\/\/alacatikafasi.com.tr\/mistral-iletisim\/#primaryimage","url":"https:\/\/alacatikafasi.com.tr\/wp-content\/uploads\/2024\/11\/430966403_940996710933308_5870288302203907632_n.jpg","contentUrl":"https:\/\/alacatikafasi.com.tr\/wp-content\/uploads\/2024\/11\/430966403_940996710933308_5870288302203907632_n.jpg"},{"@type":"BreadcrumbList","@id":"https:\/\/alacatikafasi.com.tr\/mistral-iletisim\/#breadcrumb","itemListElement":[{"@type":"ListItem","position":1,"name":"Anasayfa","item":"https:\/\/alacatikafasi.com.tr\/"},{"@type":"ListItem","position":2,"name":"Mistral \u0130leti\u015fim"}]},{"@type":"WebSite","@id":"https:\/\/alacatikafasi.com.tr\/#website","url":"https:\/\/alacatikafasi.com.tr\/","name":"Ala\u00e7at\u0131 Kafas\u0131","description":"","publisher":{"@id":"https:\/\/alacatikafasi.com.tr\/#organization"},"potentialAction":[{"@type":"SearchAction","target":{"@type":"EntryPoint","urlTemplate":"https:\/\/alacatikafasi.com.tr\/?s={search_term_string}"},"query-input":{"@type":"PropertyValueSpecification","valueRequired":true,"valueName":"search_term_string"}}],"inLanguage":"en-US"},{"@type":"Organization","@id":"https:\/\/alacatikafasi.com.tr\/#organization","name":"Ala\u00e7at\u0131 Kafas\u0131","url":"https:\/\/alacatikafasi.com.tr\/","logo":{"@type":"ImageObject","inLanguage":"en-US","@id":"https:\/\/alacatikafasi.com.tr\/#\/schema\/logo\/image\/","url":"https:\/\/alacatikafasi.com.tr\/wp-content\/uploads\/2024\/12\/fav.jpg","contentUrl":"https:\/\/alacatikafasi.com.tr\/wp-content\/uploads\/2024\/12\/fav.jpg","width":512,"height":512,"caption":"Ala\u00e7at\u0131 Kafas\u0131"},"image":{"@id":"https:\/\/alacatikafasi.com.tr\/#\/schema\/logo\/image\/"},"sameAs":["http:\/\/instagram.com\/alacatikafasimistral\/"]}]}},"_links":{"self":[{"href":"https:\/\/alacatikafasi.com.tr\/en\/wp-json\/wp\/v2\/pages\/4971","targetHints":{"allow":["GET"]}}],"collection":[{"href":"https:\/\/alacatikafasi.com.tr\/en\/wp-json\/wp\/v2\/pages"}],"about":[{"href":"https:\/\/alacatikafasi.com.tr\/en\/wp-json\/wp\/v2\/types\/page"}],"author":[{"embeddable":true,"href":"https:\/\/alacatikafasi.com.tr\/en\/wp-json\/wp\/v2\/users\/1"}],"replies":[{"embeddable":true,"href":"https:\/\/alacatikafasi.com.tr\/en\/wp-json\/wp\/v2\/comments?post=4971"}],"version-history":[{"count":18,"href":"https:\/\/alacatikafasi.com.tr\/en\/wp-json\/wp\/v2\/pages\/4971\/revisions"}],"predecessor-version":[{"id":224997,"href":"https:\/\/alacatikafasi.com.tr\/en\/wp-json\/wp\/v2\/pages\/4971\/revisions\/224997"}],"wp:attachment":[{"href":"https:\/\/alacatikafasi.com.tr\/en\/wp-json\/wp\/v2\/media?parent=4971"}],"curies":[{"name":"wp","href":"https:\/\/api.w.org\/{rel}","templated":true}]}}