{"id":5142,"date":"2023-11-03T10:42:50","date_gmt":"2023-11-03T10:42:50","guid":{"rendered":"https:\/\/fidalgo.qodeinteractive.com\/?page_id=5142"},"modified":"2025-05-24T23:29:29","modified_gmt":"2025-05-24T20:29:29","slug":"alacati-kafasi-galeri","status":"publish","type":"page","link":"https:\/\/alacatikafasi.com.tr\/alacati\/alacati-kafasi-galeri\/","title":{"rendered":"Ala\u00e7at\u0131 Kafas\u0131 Galeri"},"content":{"rendered":"\t\t<div data-elementor-type=\"wp-page\" data-elementor-id=\"5142\" class=\"elementor elementor-5142\">\n\t\t\t\t<div class=\"elementor-element elementor-element-83e3147 e-flex e-con-boxed e-con e-parent\" data-id=\"83e3147\" data-element_type=\"container\">\n\t\t\t\t\t<div class=\"e-con-inner\">\n\t\t\t\t<div class=\"elementor-element elementor-element-d43ef06 elementor-widget elementor-widget-heading\" data-id=\"d43ef06\" data-element_type=\"widget\" data-widget_type=\"heading.default\">\n\t\t\t\t<div class=\"elementor-widget-container\">\n\t\t\t\t\t<h2 class=\"elementor-heading-title elementor-size-default\">GALER\u0130<\/h2>\t\t\t\t<\/div>\n\t\t\t\t<\/div>\n\t\t\t\t\t<\/div>\n\t\t\t\t<\/div>\n\t\t<div class=\"elementor-element elementor-element-2506c44 e-con-full qodef-elementor-content-grid e-flex e-con e-parent\" data-id=\"2506c44\" data-element_type=\"container\">\n\t\t\t\t<div class=\"elementor-element elementor-element-e51bddd gallery-spacing-custom elementor-widget elementor-widget-image-gallery\" data-id=\"e51bddd\" data-element_type=\"widget\" data-widget_type=\"image-gallery.default\">\n\t\t\t\t<div class=\"elementor-widget-container\">\n\t\t\t\t\t\t\t<div class=\"elementor-image-gallery\">\n\t\t\t\n\t\t<style type=\"text\/css\">\n\t\t\t#gallery-1 {\n\t\t\t\tmargin: auto;\n\t\t\t}\n\t\t\t#gallery-1 .gallery-item {\n\t\t\t\tfloat: left;\n\t\t\t\tmargin-top: 10px;\n\t\t\t\ttext-align: center;\n\t\t\t\twidth: 33%;\n\t\t\t}\n\t\t\t#gallery-1 img {\n\t\t\t\tborder: 2px solid #cfcfcf;\n\t\t\t}\n\t\t\t#gallery-1 .gallery-caption {\n\t\t\t\tmargin-left: 0;\n\t\t\t}\n\t\t\t\/* see gallery_shortcode() in wp-includes\/media.php *\/\n\t\t<\/style>\n\t\t<div id='gallery-1' class='gallery galleryid-5142 gallery-columns-3 gallery-size-full'><dl class='gallery-item'>\n\t\t\t<dt class='gallery-icon landscape'>\n\t\t\t\t<a data-elementor-open-lightbox=\"yes\" data-elementor-lightbox-slideshow=\"e51bddd\" data-elementor-lightbox-title=\"alacati-kafasi-alacati-7\" data-e-action-hash=\"#elementor-action%3Aaction%3Dlightbox%26settings%3DeyJpZCI6MjI1MDU4LCJ1cmwiOiJodHRwczpcL1wvYWxhY2F0aWthZmFzaS5jb20udHJcL2FsYWNhdGlcL3dwLWNvbnRlbnRcL3VwbG9hZHNcLzIwMjVcLzA1XC9hbGFjYXRpLWthZmFzaS1hbGFjYXRpLTcuanBnIiwic2xpZGVzaG93IjoiZTUxYmRkZCJ9\" href='https:\/\/alacatikafasi.com.tr\/alacati\/wp-content\/uploads\/2025\/05\/alacati-kafasi-alacati-7.jpg'><img fetchpriority=\"high\" decoding=\"async\" width=\"1080\" height=\"1080\" src=\"https:\/\/alacatikafasi.com.tr\/alacati\/wp-content\/uploads\/2025\/05\/alacati-kafasi-alacati-7.jpg\" class=\"attachment-full size-full\" alt=\"\" srcset=\"https:\/\/alacatikafasi.com.tr\/alacati\/wp-content\/uploads\/2025\/05\/alacati-kafasi-alacati-7.jpg 1080w, https:\/\/alacatikafasi.com.tr\/alacati\/wp-content\/uploads\/2025\/05\/alacati-kafasi-alacati-7-300x300.jpg 300w, https:\/\/alacatikafasi.com.tr\/alacati\/wp-content\/uploads\/2025\/05\/alacati-kafasi-alacati-7-1024x1024.jpg 1024w, https:\/\/alacatikafasi.com.tr\/alacati\/wp-content\/uploads\/2025\/05\/alacati-kafasi-alacati-7-150x150.jpg 150w, https:\/\/alacatikafasi.com.tr\/alacati\/wp-content\/uploads\/2025\/05\/alacati-kafasi-alacati-7-768x768.jpg 768w, https:\/\/alacatikafasi.com.tr\/alacati\/wp-content\/uploads\/2025\/05\/alacati-kafasi-alacati-7-12x12.jpg 12w, https:\/\/alacatikafasi.com.tr\/alacati\/wp-content\/uploads\/2025\/05\/alacati-kafasi-alacati-7-650x650.jpg 650w\" sizes=\"(max-width: 1080px) 100vw, 1080px\" \/><\/a>\n\t\t\t<\/dt><\/dl><dl class='gallery-item'>\n\t\t\t<dt class='gallery-icon landscape'>\n\t\t\t\t<a data-elementor-open-lightbox=\"yes\" data-elementor-lightbox-slideshow=\"e51bddd\" data-elementor-lightbox-title=\"alacati-kafasi-alacati-6\" data-e-action-hash=\"#elementor-action%3Aaction%3Dlightbox%26settings%3DeyJpZCI6MjI1MDU5LCJ1cmwiOiJodHRwczpcL1wvYWxhY2F0aWthZmFzaS5jb20udHJcL2FsYWNhdGlcL3dwLWNvbnRlbnRcL3VwbG9hZHNcLzIwMjVcLzA1XC9hbGFjYXRpLWthZmFzaS1hbGFjYXRpLTYuanBnIiwic2xpZGVzaG93IjoiZTUxYmRkZCJ9\" href='https:\/\/alacatikafasi.com.tr\/alacati\/wp-content\/uploads\/2025\/05\/alacati-kafasi-alacati-6.jpg'><img decoding=\"async\" width=\"1080\" height=\"1080\" src=\"https:\/\/alacatikafasi.com.tr\/alacati\/wp-content\/uploads\/2025\/05\/alacati-kafasi-alacati-6.jpg\" class=\"attachment-full size-full\" alt=\"\" srcset=\"https:\/\/alacatikafasi.com.tr\/alacati\/wp-content\/uploads\/2025\/05\/alacati-kafasi-alacati-6.jpg 1080w, https:\/\/alacatikafasi.com.tr\/alacati\/wp-content\/uploads\/2025\/05\/alacati-kafasi-alacati-6-300x300.jpg 300w, https:\/\/alacatikafasi.com.tr\/alacati\/wp-content\/uploads\/2025\/05\/alacati-kafasi-alacati-6-1024x1024.jpg 1024w, https:\/\/alacatikafasi.com.tr\/alacati\/wp-content\/uploads\/2025\/05\/alacati-kafasi-alacati-6-150x150.jpg 150w, https:\/\/alacatikafasi.com.tr\/alacati\/wp-content\/uploads\/2025\/05\/alacati-kafasi-alacati-6-768x768.jpg 768w, https:\/\/alacatikafasi.com.tr\/alacati\/wp-content\/uploads\/2025\/05\/alacati-kafasi-alacati-6-12x12.jpg 12w, https:\/\/alacatikafasi.com.tr\/alacati\/wp-content\/uploads\/2025\/05\/alacati-kafasi-alacati-6-650x650.jpg 650w\" sizes=\"(max-width: 1080px) 100vw, 1080px\" \/><\/a>\n\t\t\t<\/dt><\/dl><dl class='gallery-item'>\n\t\t\t<dt class='gallery-icon landscape'>\n\t\t\t\t<a data-elementor-open-lightbox=\"yes\" data-elementor-lightbox-slideshow=\"e51bddd\" data-elementor-lightbox-title=\"alacati-kafasi-alacati-5\" data-e-action-hash=\"#elementor-action%3Aaction%3Dlightbox%26settings%3DeyJpZCI6MjI1MDYwLCJ1cmwiOiJodHRwczpcL1wvYWxhY2F0aWthZmFzaS5jb20udHJcL2FsYWNhdGlcL3dwLWNvbnRlbnRcL3VwbG9hZHNcLzIwMjVcLzA1XC9hbGFjYXRpLWthZmFzaS1hbGFjYXRpLTUuanBnIiwic2xpZGVzaG93IjoiZTUxYmRkZCJ9\" href='https:\/\/alacatikafasi.com.tr\/alacati\/wp-content\/uploads\/2025\/05\/alacati-kafasi-alacati-5.jpg'><img decoding=\"async\" width=\"1080\" height=\"1080\" src=\"https:\/\/alacatikafasi.com.tr\/alacati\/wp-content\/uploads\/2025\/05\/alacati-kafasi-alacati-5.jpg\" class=\"attachment-full size-full\" alt=\"\" srcset=\"https:\/\/alacatikafasi.com.tr\/alacati\/wp-content\/uploads\/2025\/05\/alacati-kafasi-alacati-5.jpg 1080w, https:\/\/alacatikafasi.com.tr\/alacati\/wp-content\/uploads\/2025\/05\/alacati-kafasi-alacati-5-300x300.jpg 300w, https:\/\/alacatikafasi.com.tr\/alacati\/wp-content\/uploads\/2025\/05\/alacati-kafasi-alacati-5-1024x1024.jpg 1024w, https:\/\/alacatikafasi.com.tr\/alacati\/wp-content\/uploads\/2025\/05\/alacati-kafasi-alacati-5-150x150.jpg 150w, https:\/\/alacatikafasi.com.tr\/alacati\/wp-content\/uploads\/2025\/05\/alacati-kafasi-alacati-5-768x768.jpg 768w, https:\/\/alacatikafasi.com.tr\/alacati\/wp-content\/uploads\/2025\/05\/alacati-kafasi-alacati-5-12x12.jpg 12w, https:\/\/alacatikafasi.com.tr\/alacati\/wp-content\/uploads\/2025\/05\/alacati-kafasi-alacati-5-650x650.jpg 650w\" sizes=\"(max-width: 1080px) 100vw, 1080px\" \/><\/a>\n\t\t\t<\/dt><\/dl><br style=\"clear: both\" \/><dl class='gallery-item'>\n\t\t\t<dt class='gallery-icon landscape'>\n\t\t\t\t<a data-elementor-open-lightbox=\"yes\" data-elementor-lightbox-slideshow=\"e51bddd\" data-elementor-lightbox-title=\"alacati-kafasi-alacati-2\" data-e-action-hash=\"#elementor-action%3Aaction%3Dlightbox%26settings%3DeyJpZCI6MjI1MDQ2LCJ1cmwiOiJodHRwczpcL1wvYWxhY2F0aWthZmFzaS5jb20udHJcL2FsYWNhdGlcL3dwLWNvbnRlbnRcL3VwbG9hZHNcLzIwMjVcLzA1XC9hbGFjYXRpLWthZmFzaS1hbGFjYXRpLTIuanBnIiwic2xpZGVzaG93IjoiZTUxYmRkZCJ9\" href='https:\/\/alacatikafasi.com.tr\/alacati\/wp-content\/uploads\/2025\/05\/alacati-kafasi-alacati-2.jpg'><img loading=\"lazy\" decoding=\"async\" width=\"1080\" height=\"1080\" src=\"https:\/\/alacatikafasi.com.tr\/alacati\/wp-content\/uploads\/2025\/05\/alacati-kafasi-alacati-2.jpg\" class=\"attachment-full size-full\" alt=\"\" srcset=\"https:\/\/alacatikafasi.com.tr\/alacati\/wp-content\/uploads\/2025\/05\/alacati-kafasi-alacati-2.jpg 1080w, https:\/\/alacatikafasi.com.tr\/alacati\/wp-content\/uploads\/2025\/05\/alacati-kafasi-alacati-2-300x300.jpg 300w, https:\/\/alacatikafasi.com.tr\/alacati\/wp-content\/uploads\/2025\/05\/alacati-kafasi-alacati-2-1024x1024.jpg 1024w, https:\/\/alacatikafasi.com.tr\/alacati\/wp-content\/uploads\/2025\/05\/alacati-kafasi-alacati-2-150x150.jpg 150w, https:\/\/alacatikafasi.com.tr\/alacati\/wp-content\/uploads\/2025\/05\/alacati-kafasi-alacati-2-768x768.jpg 768w, https:\/\/alacatikafasi.com.tr\/alacati\/wp-content\/uploads\/2025\/05\/alacati-kafasi-alacati-2-12x12.jpg 12w, https:\/\/alacatikafasi.com.tr\/alacati\/wp-content\/uploads\/2025\/05\/alacati-kafasi-alacati-2-650x650.jpg 650w\" sizes=\"(max-width: 1080px) 100vw, 1080px\" \/><\/a>\n\t\t\t<\/dt><\/dl><dl class='gallery-item'>\n\t\t\t<dt class='gallery-icon landscape'>\n\t\t\t\t<a data-elementor-open-lightbox=\"yes\" data-elementor-lightbox-slideshow=\"e51bddd\" data-elementor-lightbox-title=\"alacati-kafasi-alacati-1\" data-e-action-hash=\"#elementor-action%3Aaction%3Dlightbox%26settings%3DeyJpZCI6MjI1MDQ3LCJ1cmwiOiJodHRwczpcL1wvYWxhY2F0aWthZmFzaS5jb20udHJcL2FsYWNhdGlcL3dwLWNvbnRlbnRcL3VwbG9hZHNcLzIwMjVcLzA1XC9hbGFjYXRpLWthZmFzaS1hbGFjYXRpLTEuanBnIiwic2xpZGVzaG93IjoiZTUxYmRkZCJ9\" href='https:\/\/alacatikafasi.com.tr\/alacati\/wp-content\/uploads\/2025\/05\/alacati-kafasi-alacati-1.jpg'><img loading=\"lazy\" decoding=\"async\" width=\"1080\" height=\"1080\" src=\"https:\/\/alacatikafasi.com.tr\/alacati\/wp-content\/uploads\/2025\/05\/alacati-kafasi-alacati-1.jpg\" class=\"attachment-full size-full\" alt=\"\" srcset=\"https:\/\/alacatikafasi.com.tr\/alacati\/wp-content\/uploads\/2025\/05\/alacati-kafasi-alacati-1.jpg 1080w, https:\/\/alacatikafasi.com.tr\/alacati\/wp-content\/uploads\/2025\/05\/alacati-kafasi-alacati-1-300x300.jpg 300w, https:\/\/alacatikafasi.com.tr\/alacati\/wp-content\/uploads\/2025\/05\/alacati-kafasi-alacati-1-1024x1024.jpg 1024w, https:\/\/alacatikafasi.com.tr\/alacati\/wp-content\/uploads\/2025\/05\/alacati-kafasi-alacati-1-150x150.jpg 150w, https:\/\/alacatikafasi.com.tr\/alacati\/wp-content\/uploads\/2025\/05\/alacati-kafasi-alacati-1-768x768.jpg 768w, https:\/\/alacatikafasi.com.tr\/alacati\/wp-content\/uploads\/2025\/05\/alacati-kafasi-alacati-1-12x12.jpg 12w, https:\/\/alacatikafasi.com.tr\/alacati\/wp-content\/uploads\/2025\/05\/alacati-kafasi-alacati-1-650x650.jpg 650w\" sizes=\"(max-width: 1080px) 100vw, 1080px\" \/><\/a>\n\t\t\t<\/dt><\/dl><dl class='gallery-item'>\n\t\t\t<dt class='gallery-icon landscape'>\n\t\t\t\t<a data-elementor-open-lightbox=\"yes\" data-elementor-lightbox-slideshow=\"e51bddd\" data-elementor-lightbox-title=\"alacati-kafasi-alacati-4\" data-e-action-hash=\"#elementor-action%3Aaction%3Dlightbox%26settings%3DeyJpZCI6MjI1MDQ4LCJ1cmwiOiJodHRwczpcL1wvYWxhY2F0aWthZmFzaS5jb20udHJcL2FsYWNhdGlcL3dwLWNvbnRlbnRcL3VwbG9hZHNcLzIwMjVcLzA1XC9hbGFjYXRpLWthZmFzaS1hbGFjYXRpLTQuanBnIiwic2xpZGVzaG93IjoiZTUxYmRkZCJ9\" href='https:\/\/alacatikafasi.com.tr\/alacati\/wp-content\/uploads\/2025\/05\/alacati-kafasi-alacati-4.jpg'><img loading=\"lazy\" decoding=\"async\" width=\"1080\" height=\"1080\" src=\"https:\/\/alacatikafasi.com.tr\/alacati\/wp-content\/uploads\/2025\/05\/alacati-kafasi-alacati-4.jpg\" class=\"attachment-full size-full\" alt=\"\" srcset=\"https:\/\/alacatikafasi.com.tr\/alacati\/wp-content\/uploads\/2025\/05\/alacati-kafasi-alacati-4.jpg 1080w, https:\/\/alacatikafasi.com.tr\/alacati\/wp-content\/uploads\/2025\/05\/alacati-kafasi-alacati-4-300x300.jpg 300w, https:\/\/alacatikafasi.com.tr\/alacati\/wp-content\/uploads\/2025\/05\/alacati-kafasi-alacati-4-1024x1024.jpg 1024w, https:\/\/alacatikafasi.com.tr\/alacati\/wp-content\/uploads\/2025\/05\/alacati-kafasi-alacati-4-150x150.jpg 150w, https:\/\/alacatikafasi.com.tr\/alacati\/wp-content\/uploads\/2025\/05\/alacati-kafasi-alacati-4-768x768.jpg 768w, https:\/\/alacatikafasi.com.tr\/alacati\/wp-content\/uploads\/2025\/05\/alacati-kafasi-alacati-4-12x12.jpg 12w, https:\/\/alacatikafasi.com.tr\/alacati\/wp-content\/uploads\/2025\/05\/alacati-kafasi-alacati-4-650x650.jpg 650w\" sizes=\"(max-width: 1080px) 100vw, 1080px\" \/><\/a>\n\t\t\t<\/dt><\/dl><br style=\"clear: both\" \/>\n\t\t<\/div>\n\t\t<\/div>\n\t\t\t\t\t\t<\/div>\n\t\t\t\t<\/div>\n\t\t\t\t<\/div>\n\t\t\t\t<\/div>\n\t\t","protected":false},"excerpt":{"rendered":"<p>GALER\u0130<\/p>\n","protected":false},"author":1,"featured_media":0,"parent":0,"menu_order":0,"comment_status":"closed","ping_status":"closed","template":"page-full-width.php","meta":{"_joinchat":[],"footnotes":""},"class_list":["post-5142","page","type-page","status-publish","hentry"],"yoast_head":"<!-- This site is optimized with the Yoast SEO plugin v25.9 - https:\/\/yoast.com\/wordpress\/plugins\/seo\/ -->\n<title>Ala\u00e7at\u0131 Kafas\u0131 Galeri - Ala\u00e7at\u0131 Kafas\u0131<\/title>\n<meta name=\"description\" content=\"Ala\u00e7at\u0131 Kafas\u0131\u2019n\u0131n s\u0131cak atmosferini, e\u015fsiz lezzetlerini ve e\u011flence dolu anlar\u0131n\u0131 ke\u015ffedin! Ala\u00e7at\u0131 yeni nesil meyhane deneyimimize ait en g\u00fczel kareleri inceleyin.\" \/>\n<meta name=\"robots\" content=\"index, follow, max-snippet:-1, max-image-preview:large, max-video-preview:-1\" \/>\n<link rel=\"canonical\" href=\"https:\/\/alacatikafasi.com.tr\/alacati\/alacati-kafasi-galeri\/\" \/>\n<meta property=\"og:locale\" content=\"tr_TR\" \/>\n<meta property=\"og:type\" content=\"article\" \/>\n<meta property=\"og:title\" content=\"Ala\u00e7at\u0131 Kafas\u0131 Galeri - Ala\u00e7at\u0131 Kafas\u0131\" \/>\n<meta property=\"og:description\" content=\"Ala\u00e7at\u0131 Kafas\u0131\u2019n\u0131n s\u0131cak atmosferini, e\u015fsiz lezzetlerini ve e\u011flence dolu anlar\u0131n\u0131 ke\u015ffedin! Ala\u00e7at\u0131 yeni nesil meyhane deneyimimize ait en g\u00fczel kareleri inceleyin.\" \/>\n<meta property=\"og:url\" content=\"https:\/\/alacatikafasi.com.tr\/alacati\/alacati-kafasi-galeri\/\" \/>\n<meta property=\"og:site_name\" content=\"Ala\u00e7at\u0131 Kafas\u0131\" \/>\n<meta property=\"article:modified_time\" content=\"2025-05-24T20:29:29+00:00\" \/>\n<meta property=\"og:image\" content=\"https:\/\/alacatikafasi.com.tr\/alacati\/wp-content\/uploads\/2025\/05\/alacati-kafasi-alacati-7.jpg\" \/>\n<meta name=\"twitter:card\" content=\"summary_large_image\" \/>\n<meta name=\"twitter:label1\" content=\"Tahmini okuma s\u00fcresi\" \/>\n\t<meta name=\"twitter:data1\" content=\"2 dakika\" \/>\n<script type=\"application\/ld+json\" class=\"yoast-schema-graph\">{\"@context\":\"https:\/\/schema.org\",\"@graph\":[{\"@type\":\"WebPage\",\"@id\":\"https:\/\/alacatikafasi.com.tr\/alacati\/alacati-kafasi-galeri\/\",\"url\":\"https:\/\/alacatikafasi.com.tr\/alacati\/alacati-kafasi-galeri\/\",\"name\":\"Ala\u00e7at\u0131 Kafas\u0131 Galeri - Ala\u00e7at\u0131 Kafas\u0131\",\"isPartOf\":{\"@id\":\"https:\/\/alacatikafasi.com.tr\/alacati\/#website\"},\"primaryImageOfPage\":{\"@id\":\"https:\/\/alacatikafasi.com.tr\/alacati\/alacati-kafasi-galeri\/#primaryimage\"},\"image\":{\"@id\":\"https:\/\/alacatikafasi.com.tr\/alacati\/alacati-kafasi-galeri\/#primaryimage\"},\"thumbnailUrl\":\"https:\/\/alacatikafasi.com.tr\/alacati\/wp-content\/uploads\/2025\/05\/alacati-kafasi-alacati-7.jpg\",\"datePublished\":\"2023-11-03T10:42:50+00:00\",\"dateModified\":\"2025-05-24T20:29:29+00:00\",\"description\":\"Ala\u00e7at\u0131 Kafas\u0131\u2019n\u0131n s\u0131cak atmosferini, e\u015fsiz lezzetlerini ve e\u011flence dolu anlar\u0131n\u0131 ke\u015ffedin! Ala\u00e7at\u0131 yeni nesil meyhane deneyimimize ait en g\u00fczel kareleri inceleyin.\",\"breadcrumb\":{\"@id\":\"https:\/\/alacatikafasi.com.tr\/alacati\/alacati-kafasi-galeri\/#breadcrumb\"},\"inLanguage\":\"tr\",\"potentialAction\":[{\"@type\":\"ReadAction\",\"target\":[\"https:\/\/alacatikafasi.com.tr\/alacati\/alacati-kafasi-galeri\/\"]}]},{\"@type\":\"ImageObject\",\"inLanguage\":\"tr\",\"@id\":\"https:\/\/alacatikafasi.com.tr\/alacati\/alacati-kafasi-galeri\/#primaryimage\",\"url\":\"https:\/\/alacatikafasi.com.tr\/alacati\/wp-content\/uploads\/2025\/05\/alacati-kafasi-alacati-7.jpg\",\"contentUrl\":\"https:\/\/alacatikafasi.com.tr\/alacati\/wp-content\/uploads\/2025\/05\/alacati-kafasi-alacati-7.jpg\"},{\"@type\":\"BreadcrumbList\",\"@id\":\"https:\/\/alacatikafasi.com.tr\/alacati\/alacati-kafasi-galeri\/#breadcrumb\",\"itemListElement\":[{\"@type\":\"ListItem\",\"position\":1,\"name\":\"Anasayfa\",\"item\":\"https:\/\/alacatikafasi.com.tr\/alacati\/\"},{\"@type\":\"ListItem\",\"position\":2,\"name\":\"Ala\u00e7at\u0131 Kafas\u0131 Galeri\"}]},{\"@type\":\"WebSite\",\"@id\":\"https:\/\/alacatikafasi.com.tr\/alacati\/#website\",\"url\":\"https:\/\/alacatikafasi.com.tr\/alacati\/\",\"name\":\"Ala\u00e7at\u0131 Kafas\u0131\",\"description\":\"\",\"publisher\":{\"@id\":\"https:\/\/alacatikafasi.com.tr\/alacati\/#organization\"},\"potentialAction\":[{\"@type\":\"SearchAction\",\"target\":{\"@type\":\"EntryPoint\",\"urlTemplate\":\"https:\/\/alacatikafasi.com.tr\/alacati\/?s={search_term_string}\"},\"query-input\":{\"@type\":\"PropertyValueSpecification\",\"valueRequired\":true,\"valueName\":\"search_term_string\"}}],\"inLanguage\":\"tr\"},{\"@type\":\"Organization\",\"@id\":\"https:\/\/alacatikafasi.com.tr\/alacati\/#organization\",\"name\":\"Ala\u00e7at\u0131 Kafas\u0131\",\"url\":\"https:\/\/alacatikafasi.com.tr\/alacati\/\",\"logo\":{\"@type\":\"ImageObject\",\"inLanguage\":\"tr\",\"@id\":\"https:\/\/alacatikafasi.com.tr\/alacati\/#\/schema\/logo\/image\/\",\"url\":\"https:\/\/alacatikafasi.com.tr\/alacati\/wp-content\/uploads\/2024\/12\/fav.jpg\",\"contentUrl\":\"https:\/\/alacatikafasi.com.tr\/alacati\/wp-content\/uploads\/2024\/12\/fav.jpg\",\"width\":512,\"height\":512,\"caption\":\"Ala\u00e7at\u0131 Kafas\u0131\"},\"image\":{\"@id\":\"https:\/\/alacatikafasi.com.tr\/alacati\/#\/schema\/logo\/image\/\"},\"sameAs\":[\"http:\/\/instagram.com\/alacatikafasimistral\/\"]}]}<\/script>\n<!-- \/ Yoast SEO plugin. -->","yoast_head_json":{"title":"Ala\u00e7at\u0131 Kafas\u0131 Galeri - Ala\u00e7at\u0131 Kafas\u0131","description":"Ala\u00e7at\u0131 Kafas\u0131\u2019n\u0131n s\u0131cak atmosferini, e\u015fsiz lezzetlerini ve e\u011flence dolu anlar\u0131n\u0131 ke\u015ffedin! Ala\u00e7at\u0131 yeni nesil meyhane deneyimimize ait en g\u00fczel kareleri inceleyin.","robots":{"index":"index","follow":"follow","max-snippet":"max-snippet:-1","max-image-preview":"max-image-preview:large","max-video-preview":"max-video-preview:-1"},"canonical":"https:\/\/alacatikafasi.com.tr\/alacati\/alacati-kafasi-galeri\/","og_locale":"tr_TR","og_type":"article","og_title":"Ala\u00e7at\u0131 Kafas\u0131 Galeri - Ala\u00e7at\u0131 Kafas\u0131","og_description":"Ala\u00e7at\u0131 Kafas\u0131\u2019n\u0131n s\u0131cak atmosferini, e\u015fsiz lezzetlerini ve e\u011flence dolu anlar\u0131n\u0131 ke\u015ffedin! Ala\u00e7at\u0131 yeni nesil meyhane deneyimimize ait en g\u00fczel kareleri inceleyin.","og_url":"https:\/\/alacatikafasi.com.tr\/alacati\/alacati-kafasi-galeri\/","og_site_name":"Ala\u00e7at\u0131 Kafas\u0131","article_modified_time":"2025-05-24T20:29:29+00:00","og_image":[{"url":"https:\/\/alacatikafasi.com.tr\/alacati\/wp-content\/uploads\/2025\/05\/alacati-kafasi-alacati-7.jpg","type":"","width":"","height":""}],"twitter_card":"summary_large_image","twitter_misc":{"Tahmini okuma s\u00fcresi":"2 dakika"},"schema":{"@context":"https:\/\/schema.org","@graph":[{"@type":"WebPage","@id":"https:\/\/alacatikafasi.com.tr\/alacati\/alacati-kafasi-galeri\/","url":"https:\/\/alacatikafasi.com.tr\/alacati\/alacati-kafasi-galeri\/","name":"Ala\u00e7at\u0131 Kafas\u0131 Galeri - Ala\u00e7at\u0131 Kafas\u0131","isPartOf":{"@id":"https:\/\/alacatikafasi.com.tr\/alacati\/#website"},"primaryImageOfPage":{"@id":"https:\/\/alacatikafasi.com.tr\/alacati\/alacati-kafasi-galeri\/#primaryimage"},"image":{"@id":"https:\/\/alacatikafasi.com.tr\/alacati\/alacati-kafasi-galeri\/#primaryimage"},"thumbnailUrl":"https:\/\/alacatikafasi.com.tr\/alacati\/wp-content\/uploads\/2025\/05\/alacati-kafasi-alacati-7.jpg","datePublished":"2023-11-03T10:42:50+00:00","dateModified":"2025-05-24T20:29:29+00:00","description":"Ala\u00e7at\u0131 Kafas\u0131\u2019n\u0131n s\u0131cak atmosferini, e\u015fsiz lezzetlerini ve e\u011flence dolu anlar\u0131n\u0131 ke\u015ffedin! Ala\u00e7at\u0131 yeni nesil meyhane deneyimimize ait en g\u00fczel kareleri inceleyin.","breadcrumb":{"@id":"https:\/\/alacatikafasi.com.tr\/alacati\/alacati-kafasi-galeri\/#breadcrumb"},"inLanguage":"tr","potentialAction":[{"@type":"ReadAction","target":["https:\/\/alacatikafasi.com.tr\/alacati\/alacati-kafasi-galeri\/"]}]},{"@type":"ImageObject","inLanguage":"tr","@id":"https:\/\/alacatikafasi.com.tr\/alacati\/alacati-kafasi-galeri\/#primaryimage","url":"https:\/\/alacatikafasi.com.tr\/alacati\/wp-content\/uploads\/2025\/05\/alacati-kafasi-alacati-7.jpg","contentUrl":"https:\/\/alacatikafasi.com.tr\/alacati\/wp-content\/uploads\/2025\/05\/alacati-kafasi-alacati-7.jpg"},{"@type":"BreadcrumbList","@id":"https:\/\/alacatikafasi.com.tr\/alacati\/alacati-kafasi-galeri\/#breadcrumb","itemListElement":[{"@type":"ListItem","position":1,"name":"Anasayfa","item":"https:\/\/alacatikafasi.com.tr\/alacati\/"},{"@type":"ListItem","position":2,"name":"Ala\u00e7at\u0131 Kafas\u0131 Galeri"}]},{"@type":"WebSite","@id":"https:\/\/alacatikafasi.com.tr\/alacati\/#website","url":"https:\/\/alacatikafasi.com.tr\/alacati\/","name":"Ala\u00e7at\u0131 Kafas\u0131","description":"","publisher":{"@id":"https:\/\/alacatikafasi.com.tr\/alacati\/#organization"},"potentialAction":[{"@type":"SearchAction","target":{"@type":"EntryPoint","urlTemplate":"https:\/\/alacatikafasi.com.tr\/alacati\/?s={search_term_string}"},"query-input":{"@type":"PropertyValueSpecification","valueRequired":true,"valueName":"search_term_string"}}],"inLanguage":"tr"},{"@type":"Organization","@id":"https:\/\/alacatikafasi.com.tr\/alacati\/#organization","name":"Ala\u00e7at\u0131 Kafas\u0131","url":"https:\/\/alacatikafasi.com.tr\/alacati\/","logo":{"@type":"ImageObject","inLanguage":"tr","@id":"https:\/\/alacatikafasi.com.tr\/alacati\/#\/schema\/logo\/image\/","url":"https:\/\/alacatikafasi.com.tr\/alacati\/wp-content\/uploads\/2024\/12\/fav.jpg","contentUrl":"https:\/\/alacatikafasi.com.tr\/alacati\/wp-content\/uploads\/2024\/12\/fav.jpg","width":512,"height":512,"caption":"Ala\u00e7at\u0131 Kafas\u0131"},"image":{"@id":"https:\/\/alacatikafasi.com.tr\/alacati\/#\/schema\/logo\/image\/"},"sameAs":["http:\/\/instagram.com\/alacatikafasimistral\/"]}]}},"_links":{"self":[{"href":"https:\/\/alacatikafasi.com.tr\/alacati\/wp-json\/wp\/v2\/pages\/5142","targetHints":{"allow":["GET"]}}],"collection":[{"href":"https:\/\/alacatikafasi.com.tr\/alacati\/wp-json\/wp\/v2\/pages"}],"about":[{"href":"https:\/\/alacatikafasi.com.tr\/alacati\/wp-json\/wp\/v2\/types\/page"}],"author":[{"embeddable":true,"href":"https:\/\/alacatikafasi.com.tr\/alacati\/wp-json\/wp\/v2\/users\/1"}],"replies":[{"embeddable":true,"href":"https:\/\/alacatikafasi.com.tr\/alacati\/wp-json\/wp\/v2\/comments?post=5142"}],"version-history":[{"count":23,"href":"https:\/\/alacatikafasi.com.tr\/alacati\/wp-json\/wp\/v2\/pages\/5142\/revisions"}],"predecessor-version":[{"id":225070,"href":"https:\/\/alacatikafasi.com.tr\/alacati\/wp-json\/wp\/v2\/pages\/5142\/revisions\/225070"}],"wp:attachment":[{"href":"https:\/\/alacatikafasi.com.tr\/alacati\/wp-json\/wp\/v2\/media?parent=5142"}],"curies":[{"name":"wp","href":"https:\/\/api.w.org\/{rel}","templated":true}]}}